{"id":586,"date":"2020-06-18T09:27:27","date_gmt":"2020-06-18T09:27:27","guid":{"rendered":"http:\/\/www.lalaboat.com\/?page_id=586"},"modified":"2020-07-16T14:45:09","modified_gmt":"2020-07-16T14:45:09","slug":"cgv","status":"publish","type":"page","link":"https:\/\/www.lalaboat.com\/?page_id=586","title":{"rendered":"cgv"},"content":{"rendered":"\n<p>La soci\u00e9t\u00e9 Filovent est une Soci\u00e9t\u00e9 \u00e0 responsabilit\u00e9 limit\u00e9e, au capital de 13.014 euros, dont le si\u00e8ge social est 14 avenue Andr\u00e9 Morizet \u00e0 Boulogne (92100), inscrite au RCS de Nanterre au num\u00e9ro 403 240&nbsp;666 (ci-apr\u00e8s indiff\u00e9remment Filovent ou Nous) qui propose les vacances LALABOAT.<\/p>\n\n\n\n<p>Les pr\u00e9sentes conditions g\u00e9n\u00e9rales (ci-apr\u00e8s les Conditions G\u00e9n\u00e9rales) forment avec (i) votre r\u00e9servation, (ii) les informations port\u00e9es \u00e0 votre connaissance au moment de votre r\u00e9servation et dans notre confirmation de r\u00e9servation et (iii) notre politique de confidentialit\u00e9 les droits et obligations respectives qui nous lient lorsque vous r\u00e9servez des vacances LALABOAT.<\/p>\n\n\n\n<p>Il convient de les lire tr\u00e8s attentivement.<\/p>\n\n\n\n<p>Dans les pr\u00e9sentes Conditions G\u00e9n\u00e9rales, les termes \u00ab&nbsp;vous&nbsp;\u00bb et \u00ab&nbsp;votre&nbsp;\u00bb incluent non seulement la premi\u00e8re personne mentionn\u00e9e sur la r\u00e9servation mais \u00e9galement toutes les personnes au nom desquelles la r\u00e9servation est effectu\u00e9e ainsi que toute autre personne qui viendrait s\u2019ajouter \u00e0 la r\u00e9servation concern\u00e9e.<\/p>\n\n\n\n<p><\/p>\n\n\n\n<p><strong>Article 1. Pr\u00e9alable \u00e0 la r\u00e9servation&nbsp;: <\/strong>devenir membre de LALABOAT.<\/p>\n\n\n\n<p>Pour pouvoir avoir la possibilit\u00e9 d\u2019effectuer une r\u00e9servation de vacances LALABOAT, toute personne doit au pr\u00e9alable s\u2019\u00eatre pr\u00e9alablement inscrit et avoir \u00e9t\u00e9 accept\u00e9 comme membre de LALABOAT.<\/p>\n\n\n\n<p>Pour demander \u00e0 \u00eatre inscrit comme membre de LALABOAT, il convient d\u2019en faire la demande en compl\u00e9tant et renvoyant le formulaire pr\u00e9vu \u00e0 cet effet et disponible \u00e0 l\u2019adresse <a href=\"http:\/\/www.lalaboat.com\/?page_id=7\">http:\/\/www.lalaboat.com\/?page_id=7<\/a>.<\/p>\n\n\n\n<p>Une fois la confirmation de son inscription en tant que membre de LALABOAT re\u00e7ue, une personne peut, sous les conditions pr\u00e9vues au pr\u00e9sentes conditions g\u00e9n\u00e9rales, proc\u00e9der \u00e0 une r\u00e9servation pour des vacances LALABOAT.<\/p>\n\n\n\n<p><\/p>\n\n\n\n<p><strong>Article 2. Engagement du r\u00e9servataire<\/strong><\/p>\n\n\n\n<p>En effectuant une r\u00e9servation, la premi\u00e8re personne nomm\u00e9e sur le formulaire de r\u00e9servation (le r\u00e9servataire) s\u2019engage \u00e0 \u00eatre responsable de l\u00b4ensemble de la r\u00e9servation et d\u00e9clare, au nom et pour le compte de toutes les personnes dont le nom figure sur la r\u00e9servation&nbsp;:<\/p>\n\n\n\n<p>-qu&#8217;elle a pris connaissance, compris et accept\u00e9 le pr\u00e9sentes Conditions G\u00e9n\u00e9rales, qu&#8217;elle s\u2019engage \u00e0 les respecter ;<\/p>\n\n\n\n<p>-qu&#8217;elle a port\u00e9 \u00e0 la connaissance de l\u2019ensemble des personnes pour le compte desquelles la r\u00e9servation a \u00e9t\u00e9 effectu\u00e9e les Conditions G\u00e9n\u00e9rales et que ces personnes les ont lues, comprises et accept\u00e9es et s\u2019engagent \u00e0 les respecter ;<\/p>\n\n\n\n<p>-qu&#8217;elle consent \u00e0 l&#8217;utilisation des donn\u00e9es personnelles communiqu\u00e9es dans le cadre de notre politique de confidentialit\u00e9 et qu&#8217;elle est autoris\u00e9e, au nom et pour le compte de toutes les personnes nomm\u00e9es sur la r\u00e9servation, \u00e0 nous communiquer leurs donn\u00e9es personnelles, y compris, le cas \u00e9ch\u00e9ant, celles relatives \u00e0 la sant\u00e9, au handicaps, aux exigences alimentaires ;<\/p>\n\n\n\n<p>-que les donn\u00e9es fournies ont \u00e9t\u00e9 v\u00e9rifi\u00e9es et sont compl\u00e8tes et exactes&nbsp;;<\/p>\n\n\n\n<p>-que toutes les personnes au nom desquelles la r\u00e9servation est effectu\u00e9e seront majeures au moment des vacances LALABOAT ;<\/p>\n\n\n\n<p>-qu\u00b4elle accepte sans r\u00e9serve et si n\u00e9cessaire la responsabilit\u00e9 financi\u00e8re du paiement de l\u2019int\u00e9gralit\u00e9 de la r\u00e9servation au nom et pour le compte de toutes les personnes mentionn\u00e9es sur la r\u00e9servation&nbsp;;<\/p>\n\n\n\n<p>-qu\u00b4elle n\u2019a effectu\u00e9 et n\u2019effectuera pas plus d&#8217;une r\u00e9servation de vacances LALABOAT pour une m\u00eame p\u00e9riode sauf autorisation \u00e9crite et pr\u00e9alable de Filovent.<\/p>\n\n\n\n<p>Sauf mention contraire, les bateaux sur lesquels sont propos\u00e9s les vacances LALABOAT ne sont pas adapt\u00e9s aux personnes \u00e0 mobilit\u00e9 r\u00e9duite.<\/p>\n\n\n\n<p><\/p>\n\n\n\n<p><strong>Article 3. R\u00e9servation, acompte et confirmation de la r\u00e9servation<\/strong><\/p>\n\n\n\n<p>La r\u00e9servation de vacances LALABOAT se fait en remplissant les formulaires pr\u00e9vus \u00e0 cet effet sur le site <a href=\"http:\/\/www.lalaboat.com\/\">http:\/\/www.lalaboat.com\/<\/a>.<\/p>\n\n\n\n<p>Pour pouvoir \u00eatre accept\u00e9e, toute r\u00e9servation devra \u00eatre accompagn\u00e9e du paiement de l\u2019acompte pr\u00e9vu.<\/p>\n\n\n\n<p>Une r\u00e9servation ne sera toutefois consid\u00e9r\u00e9e comme d\u00e9finitivement accept\u00e9e que (i) l\u2019int\u00e9gralit\u00e9 de l\u2019acompte \u00e0 verser dans le cadre de la r\u00e9servation a \u00e9t\u00e9 effectivement per\u00e7u et (ii) lorsque nous vous aurons adress\u00e9 une confirmation de votre r\u00e9servation.<\/p>\n\n\n\n<p>La r\u00e9servation peut \u00eatre effectu\u00e9e pour un bateau complet ou \u00e0 la cabine. Lorsque vous proc\u00e9dez \u00e0 une r\u00e9servation \u00e0 la cabine, et \u00e0 une r\u00e9servation group\u00e9e pour toutes les cabines d\u2019un bateau, votre r\u00e9servation sera compl\u00e9t\u00e9e avec d\u2019autres r\u00e9servations \u00e0 la cabine sans que vous ne puissiez choisir les autres personnes participantes.<\/p>\n\n\n\n<p>A r\u00e9ception de la confirmation de r\u00e9servation, si certains \u00e9l\u00e9ments ou informations vous paraissent inexacts ou erron\u00e9s, vous devrez nous en informer sans d\u00e9lai. Le cas \u00e9ch\u00e9ant vous serez responsable des cons\u00e9quences de toute \u00e9ventuelle correction li\u00e9e \u00e0 une erreur dans le remplissage du formulaire de r\u00e9servation. Filovent ne pourra \u00eatre tenue responsable des \u00e9ventuels co\u00fbts engendr\u00e9s par les \u00e9ventuelles erreurs dans les informations communiqu\u00e9es par vos soins si elles ne sont pas port\u00e9es \u00e0 notre connaissance dans les 5 (cinq) jours ouvrables suivant la date d\u2019envoi du courriel de confirmation. A ce titre, il vous appartient de v\u00e9rifier que les emails qui vous seront adress\u00e9s par Filovent ne soient pas rout\u00e9s par votre service de messagerie dans votre boite de spams ou \u00e9quivalente. Filovent se r\u00e9serve le droit de corriger toute erreur manifeste dans une confirmation de r\u00e9servation. Vous serez tenu inform\u00e9 de toute correction ainsi effectu\u00e9e.<\/p>\n\n\n\n<p>Chaque personne devra nous informer au moins trois semaines avant l&#8217;embarquement de toute allergie alimentaire ou de tout r\u00e9gime particulier. Nous ferons nos meilleurs efforts pour r\u00e9pondre \u00e0 ces demandes.<\/p>\n\n\n\n<p><\/p>\n\n\n\n<p><strong>Article 4. Paiement du solde des vacances LALABOAT<\/strong><\/p>\n\n\n\n<p>Le solde du co\u00fbt des vacances LALABOAT (y compris tout suppl\u00e9ment \u00e9ventuellement applicable) devra \u00eatre pay\u00e9 dans son int\u00e9gralit\u00e9 au plus tard 28 (vingt-huit) jours avant la date de d\u00e9but des vacances LALABOAT.<\/p>\n\n\n\n<p>En r\u00e9glant l\u2019acompte par carte bancaire, le Client consent express\u00e9ment \u00e0 ce que ses donn\u00e9es bancaires soient conserv\u00e9es afin que le solde de la location soit automatiquement pr\u00e9lev\u00e9 sur la carte ayant servi \u00e0 payer l\u2019acompte \u00e0 la date d\u2019\u00e9ch\u00e9ance pr\u00e9vue sur le contrat. Le Client en est inform\u00e9 pr\u00e9alablement au paiement de l\u2019acompte, par une mention figurant lors du r\u00e8glement.&nbsp;<\/p>\n\n\n\n<p>Vos donn\u00e9es bancaires seront automatiquement supprim\u00e9es de nos fichiers, \u00e0 l\u2019issue de l\u2019ex\u00e9cution du contrat de location.<\/p>\n\n\n\n<p>A d\u00e9faut de recevoir le paiement du prix de la location dans les d\u00e9lais ci-dessus vis\u00e9s, Filovent ne sera pas tenu de conserver la r\u00e9servation. La location sera consid\u00e9r\u00e9e comme annul\u00e9e de votre fait. Votre acompte sera alors d\u00e9finitivement conserv\u00e9 par Filovent \u00e0 titre de p\u00e9nalit\u00e9 d&#8217;annulation.<\/p>\n\n\n\n<p>Toute r\u00e9gularisation de la situation ne pourra intervenir que sous r\u00e9serve de l&#8217;accord expr\u00e8s de Filovent, une p\u00e9nalit\u00e9 \u00e9gale \u00e0 trois fois le taux d&#8217;int\u00e9r\u00eat l\u00e9gal sera due pour toute la dur\u00e9e du retard de paiement.<\/p>\n\n\n\n<p><\/p>\n\n\n\n<p><strong>Article 5. Contenu des vacances LALABOAT<\/strong><\/p>\n\n\n\n<p>Vos vacances LALABOAT comprennent exclusivement l&#8217;h\u00e9bergement \u00e0 bord d&#8217;un bateau, les repas et les boissons non alcoolis\u00e9es, la prise en charge du skipper charg\u00e9 d\u2019assurer dans des conditions \u00e0 d\u00e9terminer par lui la navigation du bateau ainsi, \u00e9ventuellement, que certaines activit\u00e9s (qui seront le cas \u00e9ch\u00e9ant pr\u00e9cis\u00e9es sur votre confirmation de r\u00e9servation).<\/p>\n\n\n\n<p><\/p>\n\n\n\n<p><strong>Article 6. Assurances<\/strong><\/p>\n\n\n\n<p>Des assurances individuelles peuvent \u00eatre contract\u00e9es par vos soins pour couvrir les diff\u00e9rents risques vis\u00e9s au paragraphe pr\u00e9c\u00e9dent. Filovent vous conseille au Client de souscrire \u00e0 de telles polices d\u2019assurance.<\/p>\n\n\n\n<p><\/p>\n\n\n\n<p><strong>Article 7. Prix<\/strong><\/p>\n\n\n\n<p>Nous nous effor\u00e7ons d&#8217;assurer l&#8217;exactitude de toutes les informations et de tous les prix figurant sur notre site. Cependant, des changements et des erreurs peuvent se produire exceptionnellement et nous nous r\u00e9servons le droit de corriger les prix et autres d\u00e9tails dans de telles circonstances. Apr\u00e8s la confirmation de la r\u00e9servation, nous pourrons \u00e9galement modifier les prix s\u2019il apparaissait une erreur manifeste dans ceux-ci.<\/p>\n\n\n\n<p><\/p>\n\n\n\n<p><strong>Article 8. Obligations et Responsabilit\u00e9 des clients<\/strong><\/p>\n\n\n\n<p>Chaque personne devra&nbsp;:<\/p>\n\n\n\n<ul><li>\u00e0 compter de son embarquement se conformer imm\u00e9diatement et strictement aux instructions donn\u00e9es par l\u2019\u00e9quipage du bateau dans l\u2019int\u00e9r\u00eat de la s\u00e9curit\u00e9 de la navigation et de l\u2019ordre \u00e0 bord&nbsp;;<\/li><li>limiter ses bagages \u00e0 ce qui peut \u00eatre rang\u00e9 dans la cabine qui lui est attribu\u00e9e. Aucun espace de rangement suppl\u00e9mentaire ne sera possible&nbsp;;<\/li><li>apporter le plus grand soin au respect du bateau et du mat\u00e9riel et des \u00e9quipements \u00e0 bord&nbsp;;<\/li><li>limiter autant que possible les risques de nuisance et de pollutions quels qu\u2019ils soient en adoptant une conduite responsable attentive et respectueuses \u00e0 l\u2019\u00e9gard des tiers et de l\u2019environnement.<\/li><\/ul>\n\n\n\n<p>Filovent d\u00e9cline toute responsabilit\u00e9 en cas de vol ou de d\u00e9g\u00e2ts caus\u00e9s aux v\u00eatements, aux bagages \u00e0 main, au mat\u00e9riel et aux effets personnels pendant la dur\u00e9e des vacances LALABOAT. Filovent d\u00e9conseille d&#8217;apporter des objets de valeur ou des sommes importantes d&#8217;argent liquide et d\u00e9cline toute responsabilit\u00e9 en cas de vol, de dommage ou de perte.<\/p>\n\n\n\n<p>Toute personne \u00e0 l\u2019origine de perte ou d\u00e9gradation de mat\u00e9riel ou d\u2019\u00e9quipement caus\u00e9e \u00e0 bord par lui-m\u00eame ou un membre de son groupe sera tenu de payer \u00e0 Filovent le prix du remplacement ou de la r\u00e9paration du mat\u00e9riel ou de l\u2019\u00e9quipement cass\u00e9 ou endommag\u00e9.<\/p>\n\n\n\n<p>Chaque personne s\u2019engage express\u00e9ment \u00e0 ne pas d\u00e9tenir, c\u00e9der ni consommer de stup\u00e9fiant ou de toute autre substance illicite \u00e0 bord du bateau et sera directement responsable de toute perte ou dommage au navire directement ou indirectement d\u00fb \u00e0 la violation de cet engagement. Si des stup\u00e9fiants ou des substances \u00e9taient trouv\u00e9es en possession d\u2019un client, le skipper fera d\u00e9barquer les clients concern\u00e9s au prochain port d&#8217;escale sans remboursement possible par Filovent du prix des vacances LALABOAT.<\/p>\n\n\n\n<p><\/p>\n\n\n\n<p><strong>Article 9. Caisse de bord \u2013 Paiement \u00e0 l\u2019embarquement<\/strong><\/p>\n\n\n\n<p>\u00c0 l&#8217;embarquement, chaque personne devra remettre, en liquide, une somme de 80 (quatre-vingt) euro au skipper. Cette somme sera destin\u00e9e \u00e0 couvrir notamment les frais d\u00b4essence, de port et les taxes pour la dur\u00e9e du s\u00e9jour.<\/p>\n\n\n\n<p><\/p>\n\n\n\n<p><strong>Article 10. Interruption des vacances LALABOAT<\/strong><\/p>\n\n\n\n<p>Si vous interrompez vos vacances LALABOAT pour des raisons personnelles ou sans faute grave pouvant \u00eatre imputable \u00e0 Filovent, aucun remboursement, m\u00eame pour la partie des prestations dont vous n\u2019auriez pas pu b\u00e9n\u00e9ficier, ne pourra \u00eatre demand\u00e9. Nous ne serons par ailleurs pas responsables des \u00e9ventuels co\u00fbts li\u00e9s \u00e0 cette interruption que vous pourriez avoir \u00e0 supporter. Il vous appartiendra, en cas d\u2019interruption de vos vacances LALABOAT, de vous rapprocher de votre assureur afin de d\u00e9terminer si une indemnisation peut vous \u00eatre vers\u00e9e dans le cadre des garanties souscrites.<\/p>\n\n\n\n<p><\/p>\n\n\n\n<p><strong>Article 11. Modification de r\u00e9servation<\/strong><\/p>\n\n\n\n<p>Si vous souhaitez modifier une partie de votre r\u00e9servation apr\u00e8s l&#8217;\u00e9mission de notre confirmation, vous devrez nous en informer par \u00e9crit dans les plus brefs d\u00e9lais. Cette demande de modification devra \u00eatre effectu\u00e9e par la premi\u00e8re personne nomm\u00e9e sur la r\u00e9servation pour le compte de l\u2019ensemble des personnes au nom desquelles la r\u00e9servation a \u00e9t\u00e9 effectu\u00e9e.<\/p>\n\n\n\n<p>Bien que nous fassions de notre mieux pour vous aider, nous ne pouvons pas garantir que nous serons en mesure de satisfaire \u00e0 votre demande de changement.<\/p>\n\n\n\n<p>Lorsque nous pouvons satisfaire une demande, tous les changements seront soumis au paiement de frais administratifs de 10 \u20ac par personne et par changement, ainsi que de tous les co\u00fbts et frais encourus par nous et\/ou encourus ou impos\u00e9s par l&#8217;un de nos fournisseurs pour effectuer ce changement.<\/p>\n\n\n\n<p>Les co\u00fbts li\u00e9s \u00e0 une demande de modification sont susceptibles d\u2019augmenter \u00e0 mesure que l&#8217;on se rapproche de la date de d\u00e9but des vacances LALABOAT aussi vous appartient-il de nous contacter d\u00e8s que possible.<\/p>\n\n\n\n<p>Si nous ne sommes pas en mesure de vous aider et que les conditions de la r\u00e9servation initiale ne vous conviennent plus, nous traiterons cette demande comme une demande d\u2019annulation de votre part. Des frais d&#8217;annulation pourront alors \u00eatre dus conform\u00e9ment \u00e0 l\u2019article 8 des Conditions G\u00e9n\u00e9rales.<\/p>\n\n\n\n<p><\/p>\n\n\n\n<p><strong>Article 12. Annulation par vos soins<\/strong><\/p>\n\n\n\n<p>12.1. La p\u00e9riode pour laquelle les vacances LALABOAT auront \u00e9t\u00e9 r\u00e9serv\u00e9es ainsi que toute modification de la r\u00e9servation ne pourra \u00eatre chang\u00e9e qu&#8217;avec l&#8217;accord de Filovent et selon les conditions fix\u00e9es au pr\u00e9sent article.<\/p>\n\n\n\n<p>12.2. Le non-respect d&#8217;une des \u00e9ch\u00e9ances de r\u00e8glement, le non-respect des engagements pris dans le cadre des pr\u00e9sentes conditions g\u00e9n\u00e9rales ou la rupture du contrat pour quelque cause que ce soit par vous entra\u00eenera la r\u00e9siliation du contrat.<\/p>\n\n\n\n<p>12.3. Modalit\u00e9s d\u2019annulation et de r\u00e9siliation du contrat<\/p>\n\n\n\n<p>En cas d\u2019annulation par vos soins plus de 28 (vingt-huit) avant la date du d\u00e9part, l&#8217;acompte de r\u00e9servation vous sera restitu\u00e9 mais les \u00e9ventuels extras r\u00e9gl\u00e9s ou \u00e0 r\u00e9gler (se reporter au d\u00e9tail de la r\u00e9servation) resteront acquis \u00e0 Filovent ou seront dus dans le cas o\u00f9 il ne serait pas encore pay\u00e9.&nbsp;<\/p>\n\n\n\n<p>En cas d\u2019annulation ou de r\u00e9siliation imputable au Locataire survenant moins de 28 (vingt-huit) jours avant la date du d\u00e9part : 100% du montant des vacances, des \u00e9ventuels extras resteront acquis \u00e0 Filovent ou seront dus dans le cas o\u00f9 il ne serait pas pay\u00e9.<\/p>\n\n\n\n<p>12.4. Les annulations de r\u00e9servation de votre fait doivent \u00eatre adress\u00e9es \u00e0 Filovent directement depuis l\u2019acc\u00e8s membre, via la page \u00ab&nbsp;Mon profil\u00bb, via le bouton &nbsp;\u00ab&nbsp;Annulation&nbsp;\u00bb et confirm\u00e9e \u00e0 l\u2019adresse <a href=\"mailto:info@lalaboat.com\">info@lalaboat.com<\/a>. L\u2019annulation sera effective apr\u00e8s que vous ayez re\u00e7u un accus\u00e9 de r\u00e9ception par email. La date prise en compte pour d\u00e9terminer le montant des frais d&#8217;annulation ou de modifications applicables sera celle \u00e0 laquelle Filovent aura eu connaissance de votre d\u00e9cision d&#8217;annuler la r\u00e9servation. Toute annulation est d\u00e9finitive.<\/p>\n\n\n\n<p>12.6. Tout paiement qui serait incomplet, inop\u00e9rant, irr\u00e9gulier ou frauduleux pour un motif non imputable \u00e0 Filovent (retard du courrier, plafond de carte bancaire, virement rejet\u00e9, etc.) entra\u00eenera l&#8217;annulation de la r\u00e9servation \u00e0 vos frais dans les conditions vis\u00e9es au pr\u00e9sent article.<\/p>\n\n\n\n<p>12.7. Si une personne membre du groupe pour lequel la r\u00e9servation a \u00e9t\u00e9 effectu\u00e9e souhaite annuler sa participation, vous aurez la possibilit\u00e9&nbsp;:<\/p>\n\n\n\n<ul><li>Soit de lui substituer une autre personne en nous en informant au moins 7 (sept) jours \u00e0 l\u2019avance et en nous communiquant les informations n\u00e9cessaires concernant cette nouvelle personne \u00e0 l\u2019adresse <a href=\"mailto:info@lalaboat.com\">info@lalaboat.com<\/a>.<\/li><li>Soit de maintenir la r\u00e9servation sans cette personne mais en payant l\u2019int\u00e9gralit\u00e9 du co\u00fbt des vacances LALABOAT de cette personne, ce qui aboutira in fine \u00e0 une augmentation du co\u00fbt par personne.<\/li><\/ul>\n\n\n\n<p><\/p>\n\n\n\n<p><strong>Article 13. Modification ou Annulation par LaLaboat Filovent<\/strong><\/p>\n\n\n\n<p>Si, en raison de circonstances ind\u00e9pendantes de notre volont\u00e9, il s&#8217;av\u00e8re n\u00e9cessaire de remplacer un bateau ou un fournisseur, ou d&#8217;apporter toute autre modification \u00e0 votre r\u00e9servation, nous vous en informerons d\u00e8s que possible et vous fournirons des prestations de niveau \u00e9quivalent.<\/p>\n\n\n\n<p>Dans des circonstances exceptionnelles, nous pouvons \u00eatre amen\u00e9s \u00e0 annuler votre r\u00e9servation. Dans ce cas, nous vous proposerons un remboursement des sommes vers\u00e9es ou un avoir correspondant \u00e0 ces m\u00eames sommes.<\/p>\n\n\n\n<p><\/p>\n\n\n\n<p><strong>Article 14 : Itin\u00e9raire &#8211; Navigation<\/strong><\/p>\n\n\n\n<p>Les conditions m\u00e9t\u00e9orologiques (vent, pr\u00e9cipitations\u2026), l\u2019\u00e9tat de la mer et les mar\u00e9es peuvent rendre temporairement la navigation impossible. Le skipper sera seul d\u00e9cisionnaire de la possibilit\u00e9 ou non de naviguer et de l\u2019itin\u00e9raire \u00e0 la suivre. Le fait que le bateau ne puisse pas naviguer, pour les raisons vis\u00e9es ci-dessus, ne pourra entrainer de remise sur le prix acquitt\u00e9, l\u2019itin\u00e9raire initialement pr\u00e9vu n\u2019\u00e9tant donn\u00e9 qu\u2019\u00e0 titre indicatif et le temps de navigation n\u2019\u00e9tant pas d\u00e9terminant du prix des vacances LALABOAT.<\/p>\n\n\n\n<p><\/p>\n\n\n\n<p><strong>Article 15 : Force majeure<\/strong><\/p>\n\n\n\n<p>Nous ne serions pas responsables de l\u2019inex\u00e9cution d\u2019une quelconque obligation \u00e0 notre charge si cette inex\u00e9cution r\u00e9sultait d\u2019un cas de force majeure tel que d\u00e9fini par la loi et la jurisprudence. Le cas \u00e9ch\u00e9ant et en fonction des circonstances, nous nous rapprocherons de vous pour modifier ou annuler les vacances LALABOAT et ce conform\u00e9ment aux dispositions r\u00e9glementaires applicables au cas d\u2019esp\u00e8ce.<\/p>\n\n\n\n<p><\/p>\n\n\n\n<p><strong>Article 16 : R\u00e9clamation pr\u00e9alable et m\u00e9diation<\/strong><\/p>\n\n\n\n<p>Le Locataire devra adresser toute r\u00e9clamation visant l\u2019ex\u00e9cution ou l\u2019interpr\u00e9tation des pr\u00e9sentes Conditions G\u00e9n\u00e9rales ou de tout autre document \u00e0 caract\u00e8re contractuel, par voie \u00e9lectronique au service commercial \u00e0 l\u2019adresse info@lalaboat.com.<\/p>\n\n\n\n<p>Conform\u00e9ment \u00e0 l&#8217;article L. 152-1 du code de la consommation, en cas d\u2019\u00e9chec de sa demande de r\u00e9clamation, vous aurez possibilit\u00e9 de recourir gratuitement au service de m\u00e9diation MEDICYS dont la soci\u00e9t\u00e9 Filovent rel\u00e8ve :<\/p>\n\n\n\n<p>&#8211; Par voie \u00e9lectronique : www.medicys.fr<br>&#8211; Par voie postale :<br>MEDICYS &#8211; Concord<br>73, Boulevard de Clichy<br>75009 Paris.<\/p>\n\n\n\n<p>Sur les formulaires MEDICYS, notre adresse e-mail de contact est : info@lalaboat.com.<\/p>\n\n\n\n<p>Nous vous rappelons que le recours \u00e0 la m\u00e9diation de la consommation n\u2019est possible qu\u2019\u00e0 condition que :<\/p>\n\n\n\n<p>&#8211; Vous ayez auparavant saisi notre service client par une r\u00e9clamation \u00e9crite de moins d&#8217;un an ;<\/p>\n\n\n\n<p>&#8211; Votre litige n&#8217;ait pas \u00e9t\u00e9 pr\u00e9c\u00e9demment examin\u00e9 ou ne soit pas en cours d&#8217;examen par un autre m\u00e9diateur ou par un tribunal ;<\/p>\n\n\n\n<p>&#8211; Vous ne soyez pas un professionnel.<\/p>\n\n\n\n<p><\/p>\n\n\n\n<p><strong>Article 17 : Tribunaux comp\u00e9tents<\/strong><\/p>\n\n\n\n<p>A d\u00e9faut d\u2019accord amiable entre les parties et en cas d\u2019\u00e9chec de la m\u00e9diation qui pourrait \u00eatre engag\u00e9e, tout litige intervenant au titre de l\u2019ex\u00e9cution des Conditions G\u00e9n\u00e9rales ou de tout autre document contractuel sera soumis au droit fran\u00e7ais et sera port\u00e9 devant les juridictions fran\u00e7aises&nbsp;: soit devant la juridiction du lieu o\u00f9 si\u00e8ge la soci\u00e9t\u00e9 Filovent soit du lieu de r\u00e9sidence du client lors de la conclusion du contrat ou de la survenance du fait dommageable.<\/p>\n\n\n\n<p><\/p>\n\n\n\n<p><strong>Article 18 : Modifications des Conditions G\u00e9n\u00e9rales<\/strong><\/p>\n\n\n\n<p>Les Conditions G\u00e9n\u00e9rales sont susceptibles de modifications. Le cas \u00e9ch\u00e9ant, les nouvelles Conditions G\u00e9n\u00e9rales seront mises en ligne sur le site LALABOAT d\u00e8s qu\u2019elles seront applicables. Les Conditions G\u00e9n\u00e9rales applicables seront celles figurant sur le site LALABOAT \u00e0 la date de passation de la commande.<\/p>\n","protected":false},"excerpt":{"rendered":"<p>La soci\u00e9t\u00e9 Filovent est une Soci\u00e9t\u00e9 \u00e0 responsabilit\u00e9 limit\u00e9e, au capital de 13.014 euros, dont le si\u00e8ge social est 14 avenue Andr\u00e9 Morizet \u00e0 Boulogne (92100), inscrite au RCS de Nanterre au num\u00e9ro 403 240&nbsp;666 (ci-apr\u00e8s indiff\u00e9remment Filovent ou Nous) qui propose les vacances LALABOAT. Les pr\u00e9sentes conditions g\u00e9n\u00e9rales (ci-apr\u00e8s les Conditions G\u00e9n\u00e9rales) forment avec [&hellip;]<\/p>\n","protected":false},"author":1,"featured_media":0,"parent":0,"menu_order":0,"comment_status":"closed","ping_status":"closed","template":"","meta":[],"_links":{"self":[{"href":"https:\/\/www.lalaboat.com\/index.php?rest_route=\/wp\/v2\/pages\/586"}],"collection":[{"href":"https:\/\/www.lalaboat.com\/index.php?rest_route=\/wp\/v2\/pages"}],"about":[{"href":"https:\/\/www.lalaboat.com\/index.php?rest_route=\/wp\/v2\/types\/page"}],"author":[{"embeddable":true,"href":"https:\/\/www.lalaboat.com\/index.php?rest_route=\/wp\/v2\/users\/1"}],"replies":[{"embeddable":true,"href":"https:\/\/www.lalaboat.com\/index.php?rest_route=%2Fwp%2Fv2%2Fcomments&post=586"}],"version-history":[{"count":4,"href":"https:\/\/www.lalaboat.com\/index.php?rest_route=\/wp\/v2\/pages\/586\/revisions"}],"predecessor-version":[{"id":1053,"href":"https:\/\/www.lalaboat.com\/index.php?rest_route=\/wp\/v2\/pages\/586\/revisions\/1053"}],"wp:attachment":[{"href":"https:\/\/www.lalaboat.com\/index.php?rest_route=%2Fwp%2Fv2%2Fmedia&parent=586"}],"curies":[{"name":"wp","href":"https:\/\/api.w.org\/{rel}","templated":true}]}}